{"id":59,"date":"2014-01-27T11:20:55","date_gmt":"2014-01-27T11:20:55","guid":{"rendered":"http:\/\/www.sidhille.com\/?page_id=59"},"modified":"2024-01-21T14:31:32","modified_gmt":"2024-01-21T14:31:32","slug":"2013-2","status":"publish","type":"page","link":"https:\/\/www.sidhille.com\/?page_id=59","title":{"rendered":"2013"},"content":{"rendered":"<table border=\"0\" cellspacing=\"2\" cellpadding=\"2\">\n<tbody>\n<tr>\n<td>Jan 16th<\/td>\n<td>Solo piano improvisations<\/td>\n<td>Temppeliaukio church, Helsinki<\/td>\n<td>pianist<\/td>\n<\/tr>\n<tr>\n<td>Jan 19th<\/td>\n<td>Stars above band &#8211; Film &amp; Live soundtrack<\/td>\n<td>Sellosali, Lepp\u00e4vaara<\/td>\n<td>pianist, composer<\/td>\n<\/tr>\n<tr>\n<td>Jan 23rd<\/td>\n<td>Solo piano improvisations<\/td>\n<td>Temppeliaukio church, Helsinki<\/td>\n<td>pianist<\/td>\n<\/tr>\n<tr>\n<td>Jan 30th<\/td>\n<td>Solo piano improvisations<\/td>\n<td>Temppeliaukio church, Helsinki<\/td>\n<td>pianist<\/td>\n<\/tr>\n<tr>\n<td>Feb 6th<\/td>\n<td>Solo piano improvisations<\/td>\n<td>Temppeliaukio church, Helsinki<\/td>\n<td>pianist<\/td>\n<\/tr>\n<tr>\n<td>Feb 7th<\/td>\n<td>Infinita Quintet<\/td>\n<td>L\u00e4nsi-Helsingin musiikkiopisto, Helsinki<\/td>\n<td>pianist, composer<\/td>\n<\/tr>\n<tr>\n<td>Feb 8th<\/td>\n<td>Infinita Quintet<\/td>\n<td>Temppeliaukio church, Helsinki<\/td>\n<td>pianist, composer<\/td>\n<\/tr>\n<tr>\n<td>Feb 9th<\/td>\n<td>Recording Infinita Quintet<\/td>\n<td>e-studio, Pit\u00e4j\u00e4nm\u00e4ki<\/td>\n<td>pianist, composer<\/td>\n<\/tr>\n<tr>\n<td>Feb 10th<\/td>\n<td>Recording Infinita Quintet<\/td>\n<td>e-studio, Pit\u00e4j\u00e4nm\u00e4ki<\/td>\n<td>pianist, composer<\/td>\n<\/tr>\n<tr>\n<td>Feb 13th<\/td>\n<td>Solo piano improvisations<\/td>\n<td>Temppeliaukio church, Helsinki<\/td>\n<td>pianist<\/td>\n<\/tr>\n<tr>\n<td>Feb 27th<\/td>\n<td>Solo piano improvisations<\/td>\n<td>Temppeliaukio church, Helsinki<\/td>\n<td>pianist<\/td>\n<\/tr>\n<tr>\n<td>Mar 11th<\/td>\n<td>EBMO Jazz orchestra<\/td>\n<td>Jousenkaari school, Tapiola<\/td>\n<td>conductor<\/td>\n<\/tr>\n<tr>\n<td>Mar 13th<\/td>\n<td>EBMO Jazz orchestra<\/td>\n<td>P\u00e4iv\u00e4nkehr\u00e4 school, Tapiola<\/td>\n<td>conductor<\/td>\n<\/tr>\n<tr>\n<td>Mar 14th<\/td>\n<td>Recording Film music<\/td>\n<td>Finnvox studios, Pit\u00e4j\u00e4nm\u00e4ki<\/td>\n<td>pianist, composer<\/td>\n<\/tr>\n<tr>\n<td>Mar 15th<\/td>\n<td>Recording Film music<\/td>\n<td>Finnvox studios, Pit\u00e4j\u00e4nm\u00e4ki<\/td>\n<td>pianist, composer<\/td>\n<\/tr>\n<tr>\n<td>Mar 16th<\/td>\n<td>EBMO Jazz orchestra meets Espoo Big Band<\/td>\n<td>Louhisali, Tapiola<\/td>\n<td>conductor<\/td>\n<\/tr>\n<tr>\n<td>Mar 20th<\/td>\n<td>Solo piano improvisations<\/td>\n<td>Temppeliaukio church, Helsinki<\/td>\n<td>pianist<\/td>\n<\/tr>\n<tr>\n<td>Mar 25th<\/td>\n<td>Mixing Infinita album<\/td>\n<td>Rainbow Studios, Oslo<\/td>\n<td>producer<\/td>\n<\/tr>\n<tr>\n<td>Mar 28th<\/td>\n<td>Solo piano improvisations<\/td>\n<td>Temppeliaukio church, Helsinki<\/td>\n<td>pianist<\/td>\n<\/tr>\n<tr>\n<td>Mar 29th<\/td>\n<td>UMO Jazz Orchestra<\/td>\n<td>Agricola Church, Helsinki<\/td>\n<td>composer<\/td>\n<\/tr>\n<tr>\n<td>Apr 2nd<\/td>\n<td>Sid Hille Collective<\/td>\n<td>Akustiikkatalo, Ylivieska<\/td>\n<td>pianist, composer<\/td>\n<\/tr>\n<tr>\n<td>Apr 3rd<\/td>\n<td>Sid Hille Collective<\/td>\n<td>Konservatorio, Kokkola<\/td>\n<td>pianist, composer<\/td>\n<\/tr>\n<tr>\n<td>Apr 16th<\/td>\n<td>Solo piano improvisations<\/td>\n<td>Temppeliaukio church, Helsinki<\/td>\n<td>pianist<\/td>\n<\/tr>\n<tr>\n<td>Apr 24th<\/td>\n<td>Solo piano improvisations<\/td>\n<td>Temppeliaukio church, Helsinki<\/td>\n<td>pianist<\/td>\n<\/tr>\n<tr>\n<td>May 3rd<\/td>\n<td>Infinita Quintet<\/td>\n<td>Pelimanni, Kaustinen<\/td>\n<td>pianist, composer<\/td>\n<\/tr>\n<tr>\n<td>May 4th<\/td>\n<td>Infinita Quintet<\/td>\n<td>Koko Jazz Club, Helsinki<\/td>\n<td>pianist, composer<\/td>\n<\/tr>\n<tr>\n<td>May 6th<\/td>\n<td>EBMO Jazz orchestra<\/td>\n<td>Kuitinm\u00e4ki school, Tapiola<\/td>\n<td>conductor<\/td>\n<\/tr>\n<tr>\n<td>May 7th<\/td>\n<td>EBMO Jazz orchestra<\/td>\n<td>Tapiola school, Tapiola<\/td>\n<td>conductor<\/td>\n<\/tr>\n<tr>\n<td>May 8th<\/td>\n<td>Solo piano improvisations<\/td>\n<td>Temppeliaukio church, Helsinki<\/td>\n<td>pianist<\/td>\n<\/tr>\n<tr>\n<td>May 15th<\/td>\n<td>Solo piano improvisations<\/td>\n<td>Temppeliaukio church, Helsinki<\/td>\n<td>pianist<\/td>\n<\/tr>\n<tr>\n<td>May 22nd<\/td>\n<td>Solo piano improvisations<\/td>\n<td>Temppeliaukio church, Helsinki<\/td>\n<td>pianist<\/td>\n<\/tr>\n<tr>\n<td>May 29th<\/td>\n<td>Solo piano improvisations<\/td>\n<td>Temppeliaukio church, Helsinki<\/td>\n<td>pianist<\/td>\n<\/tr>\n<tr>\n<td>June 8th<\/td>\n<td>Midsummer recital, piano solo<\/td>\n<td>Temppeliaukio church, Helsinki<\/td>\n<td>pianist<\/td>\n<\/tr>\n<tr>\n<td>July 6th<\/td>\n<td>Midsummer recital, piano solo<\/td>\n<td>Temppeliaukio church, Helsinki<\/td>\n<td>pianist<\/td>\n<\/tr>\n<tr>\n<td>July 29th<\/td>\n<td>Sid Hille Collective<\/td>\n<td>Jazz-Espa, Helsinki<\/td>\n<td>pianist, composer<\/td>\n<\/tr>\n<tr>\n<td>Aug 17th<\/td>\n<td>Solo piano improvisations<\/td>\n<td>Temppeliaukio church, Helsinki<\/td>\n<td>pianist<\/td>\n<\/tr>\n<tr>\n<td>Aug 24th<\/td>\n<td>Solo piano improvisations<\/td>\n<td>Temppeliaukio church, Helsinki<\/td>\n<td>pianist<\/td>\n<\/tr>\n<tr>\n<td>Aug 31st<\/td>\n<td>Solo piano improvisations<\/td>\n<td>Temppeliaukio church, Helsinki<\/td>\n<td>pianist<\/td>\n<\/tr>\n<tr>\n<td>Sept 4th<\/td>\n<td>Solo piano improvisations<\/td>\n<td>Temppeliaukio church, Helsinki<\/td>\n<td>pianist<\/td>\n<\/tr>\n<tr>\n<td>Sept 11th<\/td>\n<td>Solo piano improvisations<\/td>\n<td>Temppeliaukio church, Helsinki<\/td>\n<td>pianist<\/td>\n<\/tr>\n<tr>\n<td>Sept 18th<\/td>\n<td>Solo piano improvisations<\/td>\n<td>Temppeliaukio church, Helsinki<\/td>\n<td>pianist<\/td>\n<\/tr>\n<tr>\n<td>Sept 25th<\/td>\n<td>Solo piano improvisations<\/td>\n<td>Temppeliaukio church, Helsinki<\/td>\n<td>pianist<\/td>\n<\/tr>\n<tr>\n<td>Oct 2nd<\/td>\n<td>Solo piano improvisations<\/td>\n<td>Temppeliaukio church, Helsinki<\/td>\n<td>pianist<\/td>\n<\/tr>\n<tr>\n<td>Oct 9th<\/td>\n<td>Solo piano improvisations<\/td>\n<td>Temppeliaukio church, Helsinki<\/td>\n<td>pianist<\/td>\n<\/tr>\n<tr>\n<td>Oct 10th<\/td>\n<td><a href=\"http:\/\/youtu.be\/Aim0-O4ADU0\" target=\"_blank\" rel=\"noopener\">Ritm\u00c5bo<\/a>\u00a0tap &amp; jazz w\/Jussi Lindroos, Heather Cornell &amp; Manuel Dunkel<\/td>\n<td>TSMO, Turku<\/td>\n<td>pianist<\/td>\n<\/tr>\n<tr>\n<td>Oct 23th<\/td>\n<td>Solo piano improvisations<\/td>\n<td>Temppeliaukio church, Helsinki<\/td>\n<td>pianist<\/td>\n<\/tr>\n<tr>\n<td>Oct 30th<\/td>\n<td>Solo piano improvisations<\/td>\n<td>Temppeliaukio church, Helsinki<\/td>\n<td>pianist<\/td>\n<\/tr>\n<tr>\n<td>Nov 6th<\/td>\n<td>Solo piano improvisations<\/td>\n<td>Temppeliaukio church, Helsinki<\/td>\n<td>pianist<\/td>\n<\/tr>\n<tr>\n<td>Nov 7th<\/td>\n<td>Esko Linnavalli composition competition<\/td>\n<td>UMO Jazz Orchestra, Helsinki<\/td>\n<td>composer<\/td>\n<\/tr>\n<tr>\n<td>Nov 13th<\/td>\n<td>Solo piano improvisations<\/td>\n<td>Temppeliaukio church, Helsinki<\/td>\n<td>pianist<\/td>\n<\/tr>\n<tr>\n<td>Nov 20th<\/td>\n<td>Solo piano improvisations<\/td>\n<td>Temppeliaukio church, Helsinki<\/td>\n<td>pianist<\/td>\n<\/tr>\n<tr>\n<td>Nov 22nd<\/td>\n<td>Lunch improvisation concert<\/td>\n<td>City Hall, Kokkola<\/td>\n<td>pianist<\/td>\n<\/tr>\n<tr>\n<td>Nov 27th<\/td>\n<td>Solo piano improvisations<\/td>\n<td>Temppeliaukio church, Helsinki<\/td>\n<td>pianist<\/td>\n<\/tr>\n<tr>\n<td>Dec 6th<\/td>\n<td>Hille-M\u00e4enp\u00e4\u00e4 Duo plays Immigrant songs<\/td>\n<td>Malmitalo, Helsinki<\/td>\n<td>pianist, composer<\/td>\n<\/tr>\n<tr>\n<td>Dec 16th<\/td>\n<td>Ainoat oikeat, feature film by Saara Cantell<br \/>\nfilm music, Premiere<\/td>\n<td>selected cinemas all over Finland<\/td>\n<td>composer, pianist<\/td>\n<\/tr>\n<\/tbody>\n<\/table>\n","protected":false},"excerpt":{"rendered":"<p>Jan 16th Solo piano improvisations Temppeliaukio church, Helsinki pianist Jan 19th Stars above band &#8211; Film &amp; Live soundtrack Sellosali, Lepp\u00e4vaara pianist, composer Jan 23rd Solo piano improvisations&#8230;<\/p>\n","protected":false},"author":1,"featured_media":0,"parent":1513,"menu_order":0,"comment_status":"open","ping_status":"closed","template":"template-full.php","meta":{"footnotes":""},"class_list":["post-59","page","type-page","status-publish","hentry"],"_links":{"self":[{"href":"https:\/\/www.sidhille.com\/index.php?rest_route=\/wp\/v2\/pages\/59","targetHints":{"allow":["GET"]}}],"collection":[{"href":"https:\/\/www.sidhille.com\/index.php?rest_route=\/wp\/v2\/pages"}],"about":[{"href":"https:\/\/www.sidhille.com\/index.php?rest_route=\/wp\/v2\/types\/page"}],"author":[{"embeddable":true,"href":"https:\/\/www.sidhille.com\/index.php?rest_route=\/wp\/v2\/users\/1"}],"replies":[{"embeddable":true,"href":"https:\/\/www.sidhille.com\/index.php?rest_route=%2Fwp%2Fv2%2Fcomments&post=59"}],"version-history":[{"count":2,"href":"https:\/\/www.sidhille.com\/index.php?rest_route=\/wp\/v2\/pages\/59\/revisions"}],"predecessor-version":[{"id":1524,"href":"https:\/\/www.sidhille.com\/index.php?rest_route=\/wp\/v2\/pages\/59\/revisions\/1524"}],"up":[{"embeddable":true,"href":"https:\/\/www.sidhille.com\/index.php?rest_route=\/wp\/v2\/pages\/1513"}],"wp:attachment":[{"href":"https:\/\/www.sidhille.com\/index.php?rest_route=%2Fwp%2Fv2%2Fmedia&parent=59"}],"curies":[{"name":"wp","href":"https:\/\/api.w.org\/{rel}","templated":true}]}}