{"id":161,"date":"2014-01-30T11:18:29","date_gmt":"2014-01-30T11:18:29","guid":{"rendered":"http:\/\/www.sidhille.com\/?page_id=161"},"modified":"2015-01-09T09:14:13","modified_gmt":"2015-01-09T09:14:13","slug":"films","status":"publish","type":"page","link":"https:\/\/www.sidhille.com\/?page_id=161","title":{"rendered":"for films"},"content":{"rendered":"<p>For general information on all films and film scores I have composed I&#8217;ll refer you to my publisher&#8217;s site at <a title=\"Sid Hille's film scores\" href=\"http:\/\/www.satnamusic.fi\/wp\/films\/\" target=\"_blank\">SatnaMusic<\/a><\/p>\n<p>On this page here I&#8217;d like to give you some examples to listen to and look at the score while you listen.<\/p>\n<p><a title=\"Kohtaamisia \/ Heartbeats\" href=\"http:\/\/www.sidhille.com\/?attachment_id=367\" target=\"_blank\">Kohtaamisia \/ Heartbeats<\/a> was a film I wrote music for in 2010.<br \/>\nThe whole film is shot in a theater-like fashion in only nine very long scenes without any cuts.<br \/>\nMy music was nominated for the Finnish Film Prize in 2011.<\/p>\n<p>Here is a piece of music that plays while the protagonist Anu is telling the story of a friend she lost some years earlier.<\/p>\n<p><a title=\"Anu kertoo yst\u00e4v\u00e4st\u00e4\" href=\"http:\/\/www.sidhille.com\/wp-content\/uploads\/2014\/01\/ANU-KERTOO-YST\u00c4V\u00c4ST\u00c4-GAIN_01-01.mp3\" target=\"_blank\">Anu kertoo<\/a><\/p>\n<p><a href=\"http:\/\/www.sidhille.com\/wp-content\/uploads\/2014\/01\/Anu.jpg\"><img loading=\"lazy\" decoding=\"async\" width=\"1024\" height=\"745\" class=\"alignnone size-large wp-image-229\" src=\"http:\/\/www.sidhille.com\/wp-content\/uploads\/2014\/01\/Anu-1024x745.jpg\" alt=\"Anu\" srcset=\"https:\/\/www.sidhille.com\/wp-content\/uploads\/2014\/01\/Anu-1024x745.jpg 1024w, https:\/\/www.sidhille.com\/wp-content\/uploads\/2014\/01\/Anu-300x218.jpg 300w, https:\/\/www.sidhille.com\/wp-content\/uploads\/2014\/01\/Anu-1099x800.jpg 1099w, https:\/\/www.sidhille.com\/wp-content\/uploads\/2014\/01\/Anu-879x640.jpg 879w, https:\/\/www.sidhille.com\/wp-content\/uploads\/2014\/01\/Anu-640x465.jpg 640w\" sizes=\"auto, (max-width: 1024px) 100vw, 1024px\" \/><\/a><\/p>\n<p><a href=\"http:\/\/www.sidhille.com\/wp-content\/uploads\/2014\/01\/Anu2.jpg\"><img loading=\"lazy\" decoding=\"async\" width=\"1024\" height=\"745\" class=\"alignnone size-large wp-image-230\" src=\"http:\/\/www.sidhille.com\/wp-content\/uploads\/2014\/01\/Anu2-1024x745.jpg\" alt=\"Anu2\" srcset=\"https:\/\/www.sidhille.com\/wp-content\/uploads\/2014\/01\/Anu2-1024x745.jpg 1024w, https:\/\/www.sidhille.com\/wp-content\/uploads\/2014\/01\/Anu2-300x218.jpg 300w, https:\/\/www.sidhille.com\/wp-content\/uploads\/2014\/01\/Anu2-1099x800.jpg 1099w, https:\/\/www.sidhille.com\/wp-content\/uploads\/2014\/01\/Anu2-879x640.jpg 879w, https:\/\/www.sidhille.com\/wp-content\/uploads\/2014\/01\/Anu2-640x465.jpg 640w\" sizes=\"auto, (max-width: 1024px) 100vw, 1024px\" \/><\/a><\/p>\n","protected":false},"excerpt":{"rendered":"<p>For general information on all films and film scores I have composed I&#8217;ll refer you to my publisher&#8217;s site at SatnaMusic On this page here I&#8217;d like to&#8230;<\/p>\n","protected":false},"author":1,"featured_media":0,"parent":34,"menu_order":0,"comment_status":"open","ping_status":"open","template":"","meta":{"footnotes":""},"class_list":["post-161","page","type-page","status-publish","hentry"],"_links":{"self":[{"href":"https:\/\/www.sidhille.com\/index.php?rest_route=\/wp\/v2\/pages\/161","targetHints":{"allow":["GET"]}}],"collection":[{"href":"https:\/\/www.sidhille.com\/index.php?rest_route=\/wp\/v2\/pages"}],"about":[{"href":"https:\/\/www.sidhille.com\/index.php?rest_route=\/wp\/v2\/types\/page"}],"author":[{"embeddable":true,"href":"https:\/\/www.sidhille.com\/index.php?rest_route=\/wp\/v2\/users\/1"}],"replies":[{"embeddable":true,"href":"https:\/\/www.sidhille.com\/index.php?rest_route=%2Fwp%2Fv2%2Fcomments&post=161"}],"version-history":[{"count":14,"href":"https:\/\/www.sidhille.com\/index.php?rest_route=\/wp\/v2\/pages\/161\/revisions"}],"predecessor-version":[{"id":574,"href":"https:\/\/www.sidhille.com\/index.php?rest_route=\/wp\/v2\/pages\/161\/revisions\/574"}],"up":[{"embeddable":true,"href":"https:\/\/www.sidhille.com\/index.php?rest_route=\/wp\/v2\/pages\/34"}],"wp:attachment":[{"href":"https:\/\/www.sidhille.com\/index.php?rest_route=%2Fwp%2Fv2%2Fmedia&parent=161"}],"curies":[{"name":"wp","href":"https:\/\/api.w.org\/{rel}","templated":true}]}}