{"id":1339,"date":"2020-12-09T13:42:19","date_gmt":"2020-12-09T13:42:19","guid":{"rendered":"http:\/\/www.sidhille.com\/?page_id=1339"},"modified":"2024-01-21T14:32:15","modified_gmt":"2024-01-21T14:32:15","slug":"2020-2","status":"publish","type":"page","link":"https:\/\/www.sidhille.com\/?page_id=1339","title":{"rendered":"2020"},"content":{"rendered":"\n<figure class=\"wp-block-table\"><table><tbody><tr><td class=\"has-text-align-left\" data-align=\"left\">Jan 3rd<\/td><td>Dialogues IV<br> Sid Hille &#8211; Pepa P\u00e4ivinen<\/td><td>EMMA &#8211; Espoo Museum of Modern Art<\/td><td>pianist <\/td><\/tr><tr><td class=\"has-text-align-left\" data-align=\"left\">Jan 8th <\/td><td>Solo piano improvisations <\/td><td>Temppeliaukio church, Helsinki <\/td><td>pianist <\/td><\/tr><tr><td class=\"has-text-align-left\" data-align=\"left\">Jan 16th<\/td><td>\nSolo piano improvisations\n<\/td><td>Temppeliaukio church, Helsinki <\/td><td>pianist <\/td><\/tr><tr><td class=\"has-text-align-left\" data-align=\"left\">Jan 22nd<\/td><td>Solo piano improvisations <\/td><td>Temppeliaukio church, Helsinki <\/td><td>pianist <\/td><\/tr><tr><td class=\"has-text-align-left\" data-align=\"left\"> Jan 29th <\/td><td>Solo piano improvisations <\/td><td>Temppeliaukio church, Helsinki <\/td><td>pianist <\/td><\/tr><tr><td class=\"has-text-align-left\" data-align=\"left\">Feb 4th<\/td><td>Innanen-Hille-Louhivuori<\/td><td>Bar Favela, Helsinki<\/td><td>pianist<\/td><\/tr><tr><td class=\"has-text-align-left\" data-align=\"left\"> Feb 5th <\/td><td>Solo piano improvisations <\/td><td>Temppeliaukio church, Helsinki <\/td><td>pianist <\/td><\/tr><tr><td class=\"has-text-align-left\" data-align=\"left\"> Feb 7th <\/td><td><a href=\"https:\/\/www.facebook.com\/events\/185255329440718\/\">Two Moons Duo chamber concerts<\/a><br>Sid Hille meets Tuomas Timonen (drums)<\/td><td>Temppeliaukio church, Helsinki <\/td><td>composer, pianist <\/td><\/tr><tr><td class=\"has-text-align-left\" data-align=\"left\"> Feb 12th <\/td><td>Solo piano improvisations <\/td><td>Temppeliaukio church, Helsinki <\/td><td>pianist <\/td><\/tr><tr><td class=\"has-text-align-left\" data-align=\"left\"> Feb 26th <\/td><td>Solo piano improvisations <\/td><td>Temppeliaukio church, Helsinki <\/td><td>pianist <\/td><\/tr><tr><td class=\"has-text-align-left\" data-align=\"left\">Feb 28th<\/td><td><a href=\"https:\/\/www.facebook.com\/events\/185255329440718\/\">Two Moons chamber concerts<\/a><br>Sid Hille meets Pauli Lyytinen (saxophone)<\/td><td>Temppeliaukio church, Helsinki<\/td><td>pianist<\/td><\/tr><tr><td class=\"has-text-align-left\" data-align=\"left\">Mar 5th<\/td><td>Solo piano improvisations<\/td><td>Temppeliaukio church, Helsinki <\/td><td>pianist <\/td><\/tr><tr><td class=\"has-text-align-left\" data-align=\"left\">Mar 5th<\/td><td><a href=\"https:\/\/www.facebook.com\/events\/487454201878006\/\">Foreign Friends<\/a><\/td><td>Martinussali, Vantaa<\/td><td>pianist<\/td><\/tr><tr><td class=\"has-text-align-left\" data-align=\"left\">\nMar 6th\n<\/td><td><a href=\"https:\/\/www.facebook.com\/events\/185255329440718\/\">Two Moons Duo chamber concerts<\/a><br>Sid Hille meets Tapani Rinne (bass clarinet)<\/td><td>Temppeliaukio church, Helsinki <\/td><td>composer, pianist <\/td><\/tr><tr><td class=\"has-text-align-left\" data-align=\"left\">Mar 7th<\/td><td>Farewell to Pitsku culture church, Sid Hille solo piano<\/td><td>Pit\u00e4j\u00e4nm\u00e4ki, Helsinki<\/td><td>pianist<\/td><\/tr><tr><td class=\"has-text-align-left\" data-align=\"left\"> Mar 11th <\/td><td>Solo piano improvisations <\/td><td>Temppeliaukio church, Helsinki <\/td><td>pianist <\/td><\/tr><tr><td class=\"has-text-align-left\" data-align=\"left\">Mar 18th<\/td><td>The Empty Church Concert I, Sid Hille solo <\/td><td>Temppeliaukio church, Helsinki <\/td><td>pianist, multi-instrumentalist<\/td><\/tr><tr><td class=\"has-text-align-left\" data-align=\"left\">Mar 20th<\/td><td><a href=\"https:\/\/www.facebook.com\/events\/185255329440718\/\">Two Moons Duo chamber concerts<\/a><br>Sid Hille meets Heikki Nikula (bass clarinet)<\/td><td>Temppeliaukio church, Helsinki <\/td><td>composer, pianist <\/td><\/tr><tr><td class=\"has-text-align-left\" data-align=\"left\">Mar 25th<\/td><td>The Empty Church Concert II, Sid Hille solo<\/td><td>Temppeliaukio church, Helsinki <\/td><td>pianist, multi-instrumentalist <\/td><\/tr><tr><td class=\"has-text-align-left\" data-align=\"left\">\nMar 27th\n<\/td><td><a href=\"https:\/\/www.facebook.com\/events\/185255329440718\/\">Two Moons Duo chamber concerts<\/a><br>Sid Hille meets Herbert K\u00f6nighofer (saxophone, AUT) &#8211;<br>The digital meeting I<\/td><td>Temppeliaukio church, Helsinki <\/td><td>composer, pianist <\/td><\/tr><tr><td class=\"has-text-align-left\" data-align=\"left\"><s>Mar 28th<\/s><\/td><td><a href=\"http:\/\/www.sidhille.com\/?page_id=929\"><s>Hille-K\u00f6nighofer Experience<\/s><\/a><br>cancelled due to Corona <\/td><td>Taidehalli, Porvoo<\/td><td>composer, pianist<\/td><\/tr><tr><td class=\"has-text-align-left\" data-align=\"left\">Apr 1st<\/td><td>The Empty Church Concert III, Sid Hille solo<\/td><td>Temppeliaukio church, Helsinki<\/td><td>pianist, multi-instrumentalist<\/td><\/tr><tr><td class=\"has-text-align-left\" data-align=\"left\"><s>Apr 8th<\/s><\/td><td><s>Sid Hille&#8217;s Tribute to the Beatles<\/s><br>cancelled due to Corona<\/td><td>Juttutupa, Helsinki<\/td><td>pianist, arranger<\/td><\/tr><tr><td class=\"has-text-align-left\" data-align=\"left\">Apr 9th <\/td><td>The Empty Church Concert IV, Sid Hille solo <\/td><td>Temppeliaukio church, Helsinki <\/td><td>pianist, multi-instrumentalist <\/td><\/tr><tr><td class=\"has-text-align-left\" data-align=\"left\">Apr 15th<\/td><td>The Empty Church Concert V, Sid Hille solo <\/td><td>Temppeliaukio church, Helsinki <\/td><td>pianist, multi-instrumentalist <\/td><\/tr><tr><td class=\"has-text-align-left\" data-align=\"left\">Apr 17th <\/td><td><a href=\"https:\/\/www.facebook.com\/events\/185255329440718\/\">Two Moons Duo chamber concerts<\/a><br>Sid Hille meets Herbert K\u00f6nighofer (saxophone, AUT) &#8211;<br>The digital meeting II<\/td><td>Temppeliaukio church, Helsinki <\/td><td>composer, pianist <\/td><\/tr><tr><td class=\"has-text-align-left\" data-align=\"left\">Apr 22nd <\/td><td>The Empty Church Concert VI, Sid Hille solo <\/td><td>Temppeliaukio church, Helsinki <\/td><td>pianist, multi-instrumentalist <\/td><\/tr><tr><td class=\"has-text-align-left\" data-align=\"left\"><s>Apr 26th<\/s><\/td><td><s>Radio Symphony Orchestra (RSO) plays Hille<\/s><br>cancelled due to Corona<\/td><td>Chamber Music Festival, Music House Helsinki<\/td><td>composer<\/td><\/tr><tr><td class=\"has-text-align-left\" data-align=\"left\">Apr 29th<\/td><td>The Empty Church Concert VII, Sid Hille solo<\/td><td>Temppeliaukio church, Helsinki<\/td><td>pianist, multi-instrumentalist<\/td><\/tr><tr><td class=\"has-text-align-left\" data-align=\"left\">May 6th <\/td><td>The Empty Church Concert VIII, Sid Hille solo <\/td><td>Temppeliaukio church, Helsinki <\/td><td>pianist, multi-instrumentalist <\/td><\/tr><tr><td class=\"has-text-align-left\" data-align=\"left\">May 8th <\/td><td><a href=\"https:\/\/www.facebook.com\/events\/185255329440718\/\">Two Moons Duo chamber concerts<\/a><br>Sid Hille meets Virpi Taskia (violin)<\/td><td>Temppeliaukio church, Helsinki <\/td><td>composer, pianist <\/td><\/tr><tr><td class=\"has-text-align-left\" data-align=\"left\">May 13th <\/td><td>The Empty Church Concert IX, Sid Hille solo <\/td><td>Temppeliaukio church, Helsinki <\/td><td>pianist, multi-instrumentalist <\/td><\/tr><tr><td class=\"has-text-align-left\" data-align=\"left\">May 19th <\/td><td>The Empty Church Concert X, Sid Hille solo <\/td><td>Temppeliaukio church, Helsinki <\/td><td>pianist, multi-instrumentalist <\/td><\/tr><tr><td class=\"has-text-align-left\" data-align=\"left\">May 22nd<\/td><td>Hille-K\u00f6nighofer Experience &#8211; Duo concert via internet<\/td><td>Metatron, Vienna and Sid&#8217;s studio, Helsinki<\/td><td>composer, pianist <\/td><\/tr><tr><td class=\"has-text-align-left\" data-align=\"left\">May 27th<\/td><td>The Empty Church Concert XI, Sid Hille solo <\/td><td>Temppeliaukio church, Helsinki <\/td><td>pianist, multi-instrumentalist <\/td><\/tr><tr><td class=\"has-text-align-left\" data-align=\"left\">May 29th <\/td><td><a href=\"https:\/\/www.facebook.com\/events\/185255329440718\/\">Two Moons Duo chamber concerts<\/a><br>Sid Hille meets Jori Huhtala (bass)<\/td><td>Temppeliaukio church, Helsinki <\/td><td>composer, pianist <\/td><\/tr><tr><td class=\"has-text-align-left\" data-align=\"left\">June 3rd <\/td><td>The Empty Church Concert XII, Sid Hille solo<\/td><td>Temppeliaukio church, Helsinki <\/td><td>pianist <\/td><\/tr><tr><td class=\"has-text-align-left\" data-align=\"left\">June 10th<\/td><td>The Empty Church Concert XIII, Sid Hille solo<\/td><td>Temppeliaukio church, Helsinki<\/td><td>pianist<\/td><\/tr><tr><td class=\"has-text-align-left\" data-align=\"left\">June 17th<\/td><td>The Empty Church Concert XIV, Sid Hille solo<\/td><td>Temppeliaukio church, Helsinki<\/td><td>pianist<\/td><\/tr><tr><td class=\"has-text-align-left\" data-align=\"left\">June 23rd<\/td><td>The Empty Church Concert XV, Sid Hille solo<\/td><td>Temppeliaukio church, Helsinki<\/td><td>pianist<\/td><\/tr><tr><td class=\"has-text-align-left\" data-align=\"left\">June 26th<\/td><td>Sid Hille &amp; Virpi Taskila (violin)<\/td><td>Temppeliaukio church, Helsinki<\/td><td>pianist, composer<\/td><\/tr><tr><td class=\"has-text-align-left\" data-align=\"left\">Aug 12th<\/td><td>Solo piano improvisations <\/td><td>Temppeliaukio church, Helsinki <\/td><td>pianist <\/td><\/tr><tr><td class=\"has-text-align-left\" data-align=\"left\">Aug 19th <\/td><td>Solo piano improvisations<\/td><td>Temppeliaukio church, Helsinki <\/td><td>pianist <\/td><\/tr><tr><td class=\"has-text-align-left\" data-align=\"left\">Aug 21st<\/td><td><a href=\"https:\/\/www.facebook.com\/events\/185255329440718\/\">Two Moons Duo chamber concerts<\/a><br>Sid Hille meets Pepa P\u00e4ivinen (saxophone)<\/td><td>Temppeliaukio church, Helsinki <\/td><td>composer, pianist<\/td><\/tr><tr><td class=\"has-text-align-left\" data-align=\"left\">Aug 26th<\/td><td>Solo piano improvisations<\/td><td>Temppeliaukio church, Helsinki <\/td><td>pianist<\/td><\/tr><tr><td class=\"has-text-align-left\" data-align=\"left\">Aug 28th<\/td><td><a href=\"https:\/\/www.facebook.com\/events\/185255329440718\/\">Two Moons Duo chamber concerts<\/a><br>Sid Hille meets Susanne &amp; Veli Kujala (organ &amp; harmonica)<\/td><td>Temppeliaukio church, Helsinki <\/td><td>composer, pianist<\/td><\/tr><tr><td class=\"has-text-align-left\" data-align=\"left\">Aug 29th<\/td><td>Sid Hille &amp; Markus Hohti (cello &amp; electronics)<\/td><td>Taidehalli, Porvoo<\/td><td>pianist, composer<\/td><\/tr><tr><td class=\"has-text-align-left\" data-align=\"left\">Sep 1st<\/td><td>Solo piano improvisations <\/td><td>Temppeliaukio church, Helsinki <\/td><td>pianist <\/td><\/tr><tr><td class=\"has-text-align-left\" data-align=\"left\">Sep 2nd<\/td><td>F# (Hille\/Huhtala\/Ketola)<\/td><td>Juttutupa, Helsinki<\/td><td>pianist<\/td><\/tr><tr><td class=\"has-text-align-left\" data-align=\"left\">Sep 4th<\/td><td><a href=\"https:\/\/www.facebook.com\/events\/185255329440718\/\">Two Moons Duo chamber concerts<\/a><br>Sid Hille meets Ilari Filander (guitar &amp; electronics)<\/td><td>Temppeliaukio church, Helsinki <\/td><td>composer, pianist <\/td><\/tr><tr><td class=\"has-text-align-left\" data-align=\"left\">Sep 5th<\/td><td>Foreign Friends<\/td><td>Voodoo Music Club, Roihuvuori<\/td><td>pianist<\/td><\/tr><tr><td class=\"has-text-align-left\" data-align=\"left\">Sep 9th<br><\/td><td>Solo piano improvisations <\/td><td>Temppeliaukio church, Helsinki <\/td><td>pianist<\/td><\/tr><tr><td class=\"has-text-align-left\" data-align=\"left\">Sep 16th<\/td><td>Solo piano improvisations <\/td><td>Temppeliaukio church, Helsinki <\/td><td>pianist<\/td><\/tr><tr><td class=\"has-text-align-left\" data-align=\"left\">Sep 18th<\/td><td><a href=\"https:\/\/www.facebook.com\/events\/185255329440718\/\">Two Moons Duo chamber concerts<\/a><br>Sid Hille meets Herbert K\u00f6nighofer (saxophone &amp; flutes, AUT) &#8211; the digital meeting III<\/td><td>Temppeliaukio church, Helsinki <\/td><td>composer, pianist <\/td><\/tr><tr><td class=\"has-text-align-left\" data-align=\"left\">Sep 23rd<\/td><td>Sid Hille&#8217;s 500th<br>Solo piano improvisations concert<br>at Temppeliaukio Church<\/td><td>Temppeliaukio church, Helsinki <\/td><td>pianist<\/td><\/tr><tr><td class=\"has-text-align-left\" data-align=\"left\">Sep 25th<\/td><td><a href=\"https:\/\/www.facebook.com\/events\/185255329440718\/\">Two Moons Duo chamber concerts<\/a><br>Sid Hille meets Joonas Riippa (drums)<\/td><td>Temppeliaukio church, Helsinki <\/td><td>composer, pianist <\/td><\/tr><tr><td class=\"has-text-align-left\" data-align=\"left\">Sep 30th<\/td><td>Solo piano improvisations <\/td><td>Temppeliaukio church, Helsinki <\/td><td>pianist<\/td><\/tr><tr><td class=\"has-text-align-left\" data-align=\"left\">Oct 4th<\/td><td>Sid Hille &amp; Harri Kerko (organ) &#8211; Solo &amp; Duo Improvisations<\/td><td>Pyh\u00e4n Laurin kirkko, Lohja<\/td><td>pianist<\/td><\/tr><tr><td class=\"has-text-align-left\" data-align=\"left\">Oct 7th<\/td><td>Solo piano improvisations<\/td><td>Temppeliaukio church, Helsinki <\/td><td>pianist<\/td><\/tr><tr><td class=\"has-text-align-left\" data-align=\"left\"><s>Oct 8th<\/s><\/td><td><s>Sid Hille &amp; Pepa P\u00e4ivinen Solo &amp; Duo<\/s><br>postponed due to Corona<\/td><td>Helsinki Jazz, Laulumiehet, Helsinki<\/td><td>pianist, composer<\/td><\/tr><tr><td class=\"has-text-align-left\" data-align=\"left\">Oct 9th<\/td><td><a href=\"https:\/\/www.facebook.com\/events\/185255329440718\/\">Two Moons Duo chamber concerts<\/a><br>Sid Hille meets Petri Puolitaival (saxophone &amp; flutes)<\/td><td>Temppeliaukio church, Helsinki <\/td><td>composer, pianist <\/td><\/tr><tr><td class=\"has-text-align-left\" data-align=\"left\">Oct 14th<\/td><td>Solo piano improvisations<\/td><td>Temppeliaukio church, Helsinki<\/td><td>pianist<\/td><\/tr><tr><td class=\"has-text-align-left\" data-align=\"left\">Oct 21st<\/td><td>Solo piano improvisations <\/td><td>Temppeliaukio church, Helsinki <\/td><td>pianist<\/td><\/tr><tr><td class=\"has-text-align-left\" data-align=\"left\">Oct 23rd<\/td><td><a href=\"https:\/\/www.facebook.com\/events\/185255329440718\/\">Two Moons Duo chamber concerts<\/a><br>Sid Hille meets Nathan Thomson (prepared double bass, AU)<\/td><td>Temppeliaukio church, Helsinki <\/td><td>composer, pianist <\/td><\/tr><tr><td class=\"has-text-align-left\" data-align=\"left\">Oct 29th<\/td><td>Solo piano improvisations<\/td><td>Temppeliaukio church, Helsinki<\/td><td>pianist<\/td><\/tr><tr><td class=\"has-text-align-left\" data-align=\"left\">Nov 4th<\/td><td>Solo piano improvisations<\/td><td>Temppeliaukio church, Helsinki<\/td><td>pianist<\/td><\/tr><tr><td class=\"has-text-align-left\" data-align=\"left\">Nov 11th<\/td><td>Solo piano improvisations <\/td><td>Temppeliaukio church, Helsinki <\/td><td>pianist<\/td><\/tr><tr><td class=\"has-text-align-left\" data-align=\"left\">Nov 13th<\/td><td><a href=\"https:\/\/www.facebook.com\/events\/185255329440718\/\">Two Moons Duo chamber concerts<\/a><br>Sid Hille meets Kari Ikonen (piano &amp; Moog)<\/td><td>Temppeliaukio church, Helsinki <\/td><td>composer, pianist <\/td><\/tr><tr><td class=\"has-text-align-left\" data-align=\"left\">Nov 18th<\/td><td>Solo piano improvisations <\/td><td>Temppeliaukio church, Helsinki <\/td><td>pianist<\/td><\/tr><tr><td class=\"has-text-align-left\" data-align=\"left\">Nov 19th<\/td><td>Sid Hille &amp; Pepa P\u00e4ivinen Solo &amp; Duo<\/td><td>Helsinki Jazz, Laulumiehet, Helsinki<\/td><td>pianist, composer<\/td><\/tr><tr><td class=\"has-text-align-left\" data-align=\"left\">Nov 20th<\/td><td><a href=\"https:\/\/www.facebook.com\/events\/185255329440718\/\">Two Moons Duo chamber concerts<\/a>,<br> Sid Hille meets Markus Hohti (cello &amp; electronics), 50th Two Moons concert<\/td><td>Temppeliaukio church, Helsinki <\/td><td>composer, pianist <\/td><\/tr><tr><td class=\"has-text-align-left\" data-align=\"left\">Nov 20th<\/td><td>Sid Hille solo recital<br>(private occasion)<\/td><td>Temppeliaukio church, Helsinki<\/td><td>pianist<\/td><\/tr><tr><td class=\"has-text-align-left\" data-align=\"left\">Nov 21st<\/td><td>Sid Hille &amp; Markus Hohti (cello &amp; electronics) &#8211; In Dialogue V<\/td><td>EMMA art museum, Espoo<\/td><td>composer, pianist<\/td><\/tr><tr><td class=\"has-text-align-left\" data-align=\"left\">Nov 22nd<\/td><td>Sid Hille \/ Markus Hohti &#8216;Ecclectic&#8217;<\/td><td>Sara Hild\u00e9n museum, Tampere<\/td><td>pianist, composer<\/td><\/tr><tr><td class=\"has-text-align-left\" data-align=\"left\">Nov 25th<\/td><td>Solo piano improvisations <\/td><td>Temppeliaukio church, Helsinki <\/td><td>pianist<\/td><\/tr><tr><td class=\"has-text-align-left\" data-align=\"left\">Nov 27th<\/td><td><s>Solo piano improvisations<\/s><br>Postponed due to Corona<\/td><td>Anderssali, Kokkola<\/td><td>pianist, composer<\/td><\/tr><tr><td class=\"has-text-align-left\" data-align=\"left\">Dec 4th<\/td><td><a href=\"https:\/\/www.facebook.com\/events\/185255329440718\/\">Two Moons Duo chamber concerts<\/a>,<br>Sid Hille meets Olavi Louhivuori (drums)<\/td><td>Temppeliaukio church, Helsinki <\/td><td>composer, pianist <\/td><\/tr><tr><td class=\"has-text-align-left\" data-align=\"left\">Dec 2nd<\/td><td>Solo piano improvisations <\/td><td>Temppeliaukio church, Helsinki <\/td><td>pianist<\/td><\/tr><tr><td class=\"has-text-align-left\" data-align=\"left\">Dec 9th<\/td><td>Solo piano improvisations <\/td><td>Temppeliaukio church, Helsinki <\/td><td>pianist<\/td><\/tr><tr><td class=\"has-text-align-left\" data-align=\"left\">Dec 16th<\/td><td>Solo piano improvisations <\/td><td>Temppeliaukio church, Helsinki <\/td><td>pianist<\/td><\/tr><\/tbody><\/table><\/figure>\n","protected":false},"excerpt":{"rendered":"<p>Jan 3rd Dialogues IV Sid Hille &#8211; Pepa P\u00e4ivinen EMMA &#8211; Espoo Museum of Modern Art pianist Jan 8th Solo piano improvisations Temppeliaukio church, Helsinki pianist Jan 16th&#8230;<\/p>\n","protected":false},"author":1,"featured_media":0,"parent":1513,"menu_order":0,"comment_status":"closed","ping_status":"closed","template":"template-full.php","meta":{"footnotes":""},"class_list":["post-1339","page","type-page","status-publish","hentry"],"_links":{"self":[{"href":"https:\/\/www.sidhille.com\/index.php?rest_route=\/wp\/v2\/pages\/1339","targetHints":{"allow":["GET"]}}],"collection":[{"href":"https:\/\/www.sidhille.com\/index.php?rest_route=\/wp\/v2\/pages"}],"about":[{"href":"https:\/\/www.sidhille.com\/index.php?rest_route=\/wp\/v2\/types\/page"}],"author":[{"embeddable":true,"href":"https:\/\/www.sidhille.com\/index.php?rest_route=\/wp\/v2\/users\/1"}],"replies":[{"embeddable":true,"href":"https:\/\/www.sidhille.com\/index.php?rest_route=%2Fwp%2Fv2%2Fcomments&post=1339"}],"version-history":[{"count":1,"href":"https:\/\/www.sidhille.com\/index.php?rest_route=\/wp\/v2\/pages\/1339\/revisions"}],"predecessor-version":[{"id":1340,"href":"https:\/\/www.sidhille.com\/index.php?rest_route=\/wp\/v2\/pages\/1339\/revisions\/1340"}],"up":[{"embeddable":true,"href":"https:\/\/www.sidhille.com\/index.php?rest_route=\/wp\/v2\/pages\/1513"}],"wp:attachment":[{"href":"https:\/\/www.sidhille.com\/index.php?rest_route=%2Fwp%2Fv2%2Fmedia&parent=1339"}],"curies":[{"name":"wp","href":"https:\/\/api.w.org\/{rel}","templated":true}]}}