{"id":124,"date":"2014-01-28T09:59:23","date_gmt":"2014-01-28T09:59:23","guid":{"rendered":"http:\/\/www.sidhille.com\/?page_id=124"},"modified":"2019-12-15T16:49:43","modified_gmt":"2019-12-15T16:49:43","slug":"sid-hille-contemporaryjazz-collective","status":"publish","type":"page","link":"https:\/\/www.sidhille.com\/?page_id=124","title":{"rendered":"Camerata"},"content":{"rendered":"<p><img loading=\"lazy\" decoding=\"async\" width=\"1024\" height=\"961\" class=\"aligncenter size-large wp-image-882\" src=\"http:\/\/www.sidhille.com\/wp-content\/uploads\/2014\/01\/Sid-Hille_170117_01b_A4-1024x961.jpg\" alt=\"\" srcset=\"https:\/\/www.sidhille.com\/wp-content\/uploads\/2014\/01\/Sid-Hille_170117_01b_A4-1024x961.jpg 1024w, https:\/\/www.sidhille.com\/wp-content\/uploads\/2014\/01\/Sid-Hille_170117_01b_A4-300x282.jpg 300w, https:\/\/www.sidhille.com\/wp-content\/uploads\/2014\/01\/Sid-Hille_170117_01b_A4-768x721.jpg 768w, https:\/\/www.sidhille.com\/wp-content\/uploads\/2014\/01\/Sid-Hille_170117_01b_A4-853x800.jpg 853w, https:\/\/www.sidhille.com\/wp-content\/uploads\/2014\/01\/Sid-Hille_170117_01b_A4-682x640.jpg 682w, https:\/\/www.sidhille.com\/wp-content\/uploads\/2014\/01\/Sid-Hille_170117_01b_A4-640x601.jpg 640w\" sizes=\"auto, (max-width: 1024px) 100vw, 1024px\" \/><br \/>\nThe Sid Hille Camerata is a chamber music ensemble that performs Sid Hille&#8217;s compositions for string quartet, piano quintet and various other combinations featuring&nbsp;guest soloists.<\/p>\n<p>The Camerata&#8217;s music draws on influences from jazz, contemporary classical&nbsp;and ethnic music, featuring&nbsp;sparkling virtuosity, beauty of sound, spontaneity and humour&nbsp;as well as moments of solemn depth.<\/p>\n<p>Maija Linkola &#8211; violin<br \/>\nElina Viitasaari &#8211; violin<br \/>\nLotta Poij\u00e4rvi &#8211; viola<br \/>\nMarkus Hohti &#8211; cello<br \/>\nSid Hille &#8211; piano<\/p>\n<p>The Sid Hille Camerata released its second CD &#8216;Farbformen&#8217; (SatnaMusic CD 171) in spring 2017, receiving 5-star <a href=\"http:\/\/www.satnamusic.fi\/wp\/reviews\/\">reviews<\/a>. &#8216;Farbformen&#8217; was nominated for &#8216;Best recording of 2017&#8217; by the national Broadcast Corporation YLE and was voted the audience&#8217;s favorite.<\/p>\n<p>The recording includes Hille&#8217;s string quartets &#8216;Quatuor no. 2 &#8211; In Farben&#8217; and &#8216;Quatuor no. 3 &#8211; Equilibrium&#8217; as well as a composition called &#8216;Coco&#8217; for piano quintet.<\/p>\n<p>The official release concert was held at Helsinki&#8217;s magnificent Music House in the Black Box concert hall in May 2018.<\/p>\n<p>Listen to &#8216;In Rot&#8217; from Quatuor no. 2:<\/p>\n<p><iframe loading=\"lazy\" src=\"https:\/\/www.youtube.com\/embed\/_fyfEhf2cZ8?rel=0\" allowfullscreen=\"allowfullscreen\" width=\"356\" height=\"200\" frameborder=\"0\"><\/iframe><\/p>\n<p>Listen to &#8216;In Blau&#8217; from Quatuor no. 2:<\/p>\n<p><iframe loading=\"lazy\" src=\"https:\/\/www.youtube.com\/embed\/oDuIlSmcUCk?rel=0\" allowfullscreen=\"allowfullscreen\" width=\"356\" height=\"200\" frameborder=\"0\"><\/iframe><\/p>\n<p>Listen to excerpts from Quatuor no. 3 and the string quintet composition Coco:<\/p>\n<p><iframe loading=\"lazy\" src=\"https:\/\/www.youtube.com\/embed\/fW44e99LGZ8?rel=0\" allowfullscreen=\"allowfullscreen\" width=\"356\" height=\"200\" frameborder=\"0\"><\/iframe><\/p>\n<p>The Sid Hille Camerata is working frequently with jazz guitarist Teemu Viinikainen who was featured on the ensemble&#8217;s&nbsp;debut CD &#8216;The Zen Connection&#8217; (2012).<br \/>\nIn 2010 Teemu had commissioned a composition from Sid for guitar and string quartet.<br \/>\nThe resulting 25 minutes composition &#8216;<a title=\"Excerpt from Frizzle\" href=\"http:\/\/www.sidhille.com\/?post_type=playlist&amp;p=107\" target=\"_blank\" rel=\"noopener noreferrer\">Frizzle, Sizzle, Dazzle<\/a>&#8216; had its first performance at the Viapori Jazz Festival in Helsinki in August 2011 and was consequently performed on several concert tours throughout Finland.<br \/>\n&#8216;The Zen Connection&#8217; album received raving&nbsp;<a href=\"http:\/\/www.satnamusic.fi\/wp\/reviews\/\">reviews<\/a>.<\/p>\n<p>Listen to a complete concert performance of Frizzle, Sizzle, Dazzle:<\/p>\n<p><iframe loading=\"lazy\" src=\"https:\/\/www.youtube.com\/embed\/0-zZJHZzNs8?rel=0\" allowfullscreen=\"allowfullscreen\" width=\"356\" height=\"200\" frameborder=\"0\"><\/iframe><br \/>\nIn 2019 the Sid Hille Camerata will team up with world renowned mezzo soprano Virpi R\u00e4is\u00e4nen to perform a new composition of Sid&#8217;s for mezzo soprano and string quartet commissioned by Virpi R\u00e4is\u00e4nen.<br \/>\nIn fall 2019 the Camerata will also perform a new piece Sid composed for virtuoso bass clarinetist Heikki Nikula.<br \/>\nNikula has participated in several of Hille&#8217;s projects, being a part of the <a href=\"http:\/\/www.sidhille.com\/?page_id=502\">Contemporary Collective<\/a>, performing with Sid as a Duo in the Two Moons chamber concert series and contributing to &#8216;The Zen Connection&#8217; album.<\/p>\n<p>To get updates on the Camerata&#8217;s activities, please, follow us&nbsp;on <a href=\"https:\/\/www.facebook.com\/sidhillecamerata\/\">Facebook<\/a>&nbsp;or check the <a title=\"Gigs 2014\" href=\"http:\/\/www.sidhille.com\/?page_id=57\">Gigs calendar<\/a>.<\/p>\n","protected":false},"excerpt":{"rendered":"<p>The Sid Hille Camerata is a chamber music ensemble that performs Sid Hille&#8217;s compositions for string quartet, piano quintet and various other combinations featuring&nbsp;guest soloists. The Camerata&#8217;s music&#8230;<\/p>\n","protected":false},"author":1,"featured_media":0,"parent":1209,"menu_order":0,"comment_status":"open","ping_status":"open","template":"template-left-sidebar.php","meta":{"footnotes":""},"class_list":["post-124","page","type-page","status-publish","hentry"],"_links":{"self":[{"href":"https:\/\/www.sidhille.com\/index.php?rest_route=\/wp\/v2\/pages\/124","targetHints":{"allow":["GET"]}}],"collection":[{"href":"https:\/\/www.sidhille.com\/index.php?rest_route=\/wp\/v2\/pages"}],"about":[{"href":"https:\/\/www.sidhille.com\/index.php?rest_route=\/wp\/v2\/types\/page"}],"author":[{"embeddable":true,"href":"https:\/\/www.sidhille.com\/index.php?rest_route=\/wp\/v2\/users\/1"}],"replies":[{"embeddable":true,"href":"https:\/\/www.sidhille.com\/index.php?rest_route=%2Fwp%2Fv2%2Fcomments&post=124"}],"version-history":[{"count":44,"href":"https:\/\/www.sidhille.com\/index.php?rest_route=\/wp\/v2\/pages\/124\/revisions"}],"predecessor-version":[{"id":1213,"href":"https:\/\/www.sidhille.com\/index.php?rest_route=\/wp\/v2\/pages\/124\/revisions\/1213"}],"up":[{"embeddable":true,"href":"https:\/\/www.sidhille.com\/index.php?rest_route=\/wp\/v2\/pages\/1209"}],"wp:attachment":[{"href":"https:\/\/www.sidhille.com\/index.php?rest_route=%2Fwp%2Fv2%2Fmedia&parent=124"}],"curies":[{"name":"wp","href":"https:\/\/api.w.org\/{rel}","templated":true}]}}